{"id":794315,"date":"2023-07-19T14:29:58","date_gmt":"2023-07-19T11:29:58","guid":{"rendered":"https:\/\/deniz-estate.com\/?page_id=794315"},"modified":"2026-04-16T17:14:25","modified_gmt":"2026-04-16T14:14:25","slug":"home","status":"publish","type":"page","link":"https:\/\/deniz-estate.com\/en\/","title":{"rendered":"Home"},"content":{"rendered":"<p class=\"qtranxs-available-languages-message qtranxs-available-languages-message-en\">Sorry, this entry is only available in <a href=\"https:\/\/deniz-estate.com\/ru\/wp-json\/wp\/v2\/pages\/794315\" class=\"qtranxs-available-language-link qtranxs-available-language-link-ru\" title=\"RU\">RU<\/a> and <a href=\"https:\/\/deniz-estate.com\/ua\/wp-json\/wp\/v2\/pages\/794315\" class=\"qtranxs-available-language-link qtranxs-available-language-link-ua\" title=\"UA\">UA<\/a>.<\/p>","protected":false},"excerpt":{"rendered":"<p>Sorry, this entry is only available in RU and UA.<\/p>\n","protected":false},"author":1,"featured_media":0,"parent":0,"menu_order":0,"comment_status":"closed","ping_status":"closed","template":"","meta":{"footnotes":""},"class_list":["post-794315","page","type-page","status-publish","hentry"],"yoast_head":"<title><\/title>\n<meta name=\"description\" content=\"[:ru]\u041f\u0440\u043e\u0434\u0430\u0436\u0430 \u043d\u0435\u0434\u0432\u0438\u0436\u0438\u043c\u043e\u0441\u0442\u0438 \u0437\u0430 \u0433\u0440\u0430\u043d\u0438\u0446\u0435\u0439 \u27a4 2000+ \u043e\u0431\u044a\u0435\u043a\u0442\u043e\u0432 \u2713 \u0421\u0442\u043e\u0438\u043c\u043e\u0441\u0442\u044c \u043e\u0442 50 000 \u0435\u0432\u0440\u043e. \u041a\u0432\u0430\u0440\u0442\u0438\u0440\u044b, \u0432\u0438\u043b\u043b\u044b, \u0434\u043e\u043c\u0430 \u0432 \u0418\u0441\u043f\u0430\u043d\u0438\u0438, \u0422\u0443\u0440\u0446\u0438\u0438, \u041e\u0410\u0415...[:ua]\u041f\u0440\u043e\u0434\u0430\u0436 \u043d\u0435\u0440\u0443\u0445\u043e\u043c\u043e\u0441\u0442\u0456 \u0437\u0430 \u043a\u043e\u0440\u0434\u043e\u043d\u043e\u043c \u27a4 2000+ \u043e\u0431&#039;\u0454\u043a\u0442\u0456\u0432\u2713 \u0412\u0430\u0440\u0442\u0456\u0441\u0442\u044c \u0432\u0456\u0434 50 000 \u0435\u0432\u0440\u043e. \u041a\u0432\u0430\u0440\u0442\u0438\u0440\u0438, \u0432\u0456\u043b\u043b\u0438, \u0431\u0443\u0434\u0438\u043d\u043a\u0438 \u0432 \u0406\u0441\u043f\u0430\u043d\u0456\u0457, \u0422\u0443\u0440\u0435\u0447\u0447\u0438\u043d\u0456, \u041e\u0410\u0415...[:pl]Sprzeda\u017c nieruchomo\u015bci za granic\u0105 \u27a4 2000+ obiekt\u00f3w \u2713 Koszt od 50 000 euro. Apartamenty, wille, domy w Hiszpanii, Turcji, Zjednoczonych Emiratach Arabskich...\" \/>\n<meta name=\"robots\" content=\"index, follow, max-snippet:-1, max-image-preview:large, max-video-preview:-1\" \/>\n<link rel=\"canonical\" href=\"https:\/\/deniz-estate.com\/\" \/>\n<meta name=\"twitter:card\" content=\"summary_large_image\" \/>\n<meta name=\"twitter:title\" content=\"[:ru]\u0410\u0433\u0435\u043d\u0442\u0441\u0442\u0432\u043e \u043f\u043e \u043f\u0440\u043e\u0434\u0430\u0436\u0435 \u043d\u0435\u0434\u0432\u0438\u0436\u0438\u043c\u043e\u0441\u0442\u0438 \u0437\u0430 \u0440\u0443\u0431\u0435\u0436\u043e\u043c | Deniz Estate[:ua]\u0410\u0433\u0435\u043d\u0446\u0456\u044f \u0437 \u043f\u0440\u043e\u0434\u0430\u0436\u0443 \u043d\u0435\u0440\u0443\u0445\u043e\u043c\u043e\u0441\u0442\u0456 \u0437\u0430 \u043a\u043e\u0440\u0434\u043e\u043d\u043e\u043c | Deniz Estate[:pl]Zagraniczna agencja nieruchomo\u015bci | Deniz Estate\" \/>\n<meta name=\"twitter:description\" content=\"[:ru]\u041f\u0440\u043e\u0434\u0430\u0436\u0430 \u043d\u0435\u0434\u0432\u0438\u0436\u0438\u043c\u043e\u0441\u0442\u0438 \u0437\u0430 \u0433\u0440\u0430\u043d\u0438\u0446\u0435\u0439 \u27a4 2000+ \u043e\u0431\u044a\u0435\u043a\u0442\u043e\u0432 \u2713 \u0421\u0442\u043e\u0438\u043c\u043e\u0441\u0442\u044c \u043e\u0442 50 000 \u0435\u0432\u0440\u043e. \u041a\u0432\u0430\u0440\u0442\u0438\u0440\u044b, \u0432\u0438\u043b\u043b\u044b, \u0434\u043e\u043c\u0430 \u0432 \u0418\u0441\u043f\u0430\u043d\u0438\u0438, \u0422\u0443\u0440\u0446\u0438\u0438, \u041e\u0410\u0415...[:ua]\u041f\u0440\u043e\u0434\u0430\u0436 \u043d\u0435\u0440\u0443\u0445\u043e\u043c\u043e\u0441\u0442\u0456 \u0437\u0430 \u043a\u043e\u0440\u0434\u043e\u043d\u043e\u043c \u27a4 2000+ \u043e\u0431&#039;\u0454\u043a\u0442\u0456\u0432\u2713 \u0412\u0430\u0440\u0442\u0456\u0441\u0442\u044c \u0432\u0456\u0434 50 000 \u0435\u0432\u0440\u043e. \u041a\u0432\u0430\u0440\u0442\u0438\u0440\u0438, \u0432\u0456\u043b\u043b\u0438, \u0431\u0443\u0434\u0438\u043d\u043a\u0438 \u0432 \u0406\u0441\u043f\u0430\u043d\u0456\u0457, \u0422\u0443\u0440\u0435\u0447\u0447\u0438\u043d\u0456, \u041e\u0410\u0415...[:pl]Sprzeda\u017c nieruchomo\u015bci za granic\u0105 \u27a4 2000+ obiekt\u00f3w \u2713 Koszt od 50 000 euro. Apartamenty, wille, domy w Hiszpanii, Turcji, Zjednoczonych Emiratach Arabskich...\" \/>","yoast_head_json":{"title":"[:ru]\u0410\u0433\u0435\u043d\u0442\u0441\u0442\u0432\u043e \u043f\u043e \u043f\u0440\u043e\u0434\u0430\u0436\u0435 \u043d\u0435\u0434\u0432\u0438\u0436\u0438\u043c\u043e\u0441\u0442\u0438 \u0437\u0430 \u0440\u0443\u0431\u0435\u0436\u043e\u043c | Deniz Estate[:ua]\u0410\u0433\u0435\u043d\u0446\u0456\u044f \u0437 \u043f\u0440\u043e\u0434\u0430\u0436\u0443 \u043d\u0435\u0440\u0443\u0445\u043e\u043c\u043e\u0441\u0442\u0456 \u0437\u0430 \u043a\u043e\u0440\u0434\u043e\u043d\u043e\u043c | Deniz Estate[:pl]Zagraniczna agencja nieruchomo\u015bci | Deniz Estate","description":"[:ru]\u041f\u0440\u043e\u0434\u0430\u0436\u0430 \u043d\u0435\u0434\u0432\u0438\u0436\u0438\u043c\u043e\u0441\u0442\u0438 \u0437\u0430 \u0433\u0440\u0430\u043d\u0438\u0446\u0435\u0439 \u27a4 2000+ \u043e\u0431\u044a\u0435\u043a\u0442\u043e\u0432 \u2713 \u0421\u0442\u043e\u0438\u043c\u043e\u0441\u0442\u044c \u043e\u0442 50 000 \u0435\u0432\u0440\u043e. \u041a\u0432\u0430\u0440\u0442\u0438\u0440\u044b, \u0432\u0438\u043b\u043b\u044b, \u0434\u043e\u043c\u0430 \u0432 \u0418\u0441\u043f\u0430\u043d\u0438\u0438, \u0422\u0443\u0440\u0446\u0438\u0438, \u041e\u0410\u0415...[:ua]\u041f\u0440\u043e\u0434\u0430\u0436 \u043d\u0435\u0440\u0443\u0445\u043e\u043c\u043e\u0441\u0442\u0456 \u0437\u0430 \u043a\u043e\u0440\u0434\u043e\u043d\u043e\u043c \u27a4 2000+ \u043e\u0431'\u0454\u043a\u0442\u0456\u0432\u2713 \u0412\u0430\u0440\u0442\u0456\u0441\u0442\u044c \u0432\u0456\u0434 50 000 \u0435\u0432\u0440\u043e. \u041a\u0432\u0430\u0440\u0442\u0438\u0440\u0438, \u0432\u0456\u043b\u043b\u0438, \u0431\u0443\u0434\u0438\u043d\u043a\u0438 \u0432 \u0406\u0441\u043f\u0430\u043d\u0456\u0457, \u0422\u0443\u0440\u0435\u0447\u0447\u0438\u043d\u0456, \u041e\u0410\u0415...[:pl]Sprzeda\u017c nieruchomo\u015bci za granic\u0105 \u27a4 2000+ obiekt\u00f3w \u2713 Koszt od 50 000 euro. Apartamenty, wille, domy w Hiszpanii, Turcji, Zjednoczonych Emiratach Arabskich...","robots":{"index":"index","follow":"follow","max-snippet":"max-snippet:-1","max-image-preview":"max-image-preview:large","max-video-preview":"max-video-preview:-1"},"canonical":"https:\/\/deniz-estate.com\/","twitter_card":"summary_large_image","twitter_title":"[:ru]\u0410\u0433\u0435\u043d\u0442\u0441\u0442\u0432\u043e \u043f\u043e \u043f\u0440\u043e\u0434\u0430\u0436\u0435 \u043d\u0435\u0434\u0432\u0438\u0436\u0438\u043c\u043e\u0441\u0442\u0438 \u0437\u0430 \u0440\u0443\u0431\u0435\u0436\u043e\u043c | Deniz Estate[:ua]\u0410\u0433\u0435\u043d\u0446\u0456\u044f \u0437 \u043f\u0440\u043e\u0434\u0430\u0436\u0443 \u043d\u0435\u0440\u0443\u0445\u043e\u043c\u043e\u0441\u0442\u0456 \u0437\u0430 \u043a\u043e\u0440\u0434\u043e\u043d\u043e\u043c | Deniz Estate[:pl]Zagraniczna agencja nieruchomo\u015bci | Deniz Estate","twitter_description":"[:ru]\u041f\u0440\u043e\u0434\u0430\u0436\u0430 \u043d\u0435\u0434\u0432\u0438\u0436\u0438\u043c\u043e\u0441\u0442\u0438 \u0437\u0430 \u0433\u0440\u0430\u043d\u0438\u0446\u0435\u0439 \u27a4 2000+ \u043e\u0431\u044a\u0435\u043a\u0442\u043e\u0432 \u2713 \u0421\u0442\u043e\u0438\u043c\u043e\u0441\u0442\u044c \u043e\u0442 50 000 \u0435\u0432\u0440\u043e. \u041a\u0432\u0430\u0440\u0442\u0438\u0440\u044b, \u0432\u0438\u043b\u043b\u044b, \u0434\u043e\u043c\u0430 \u0432 \u0418\u0441\u043f\u0430\u043d\u0438\u0438, \u0422\u0443\u0440\u0446\u0438\u0438, \u041e\u0410\u0415...[:ua]\u041f\u0440\u043e\u0434\u0430\u0436 \u043d\u0435\u0440\u0443\u0445\u043e\u043c\u043e\u0441\u0442\u0456 \u0437\u0430 \u043a\u043e\u0440\u0434\u043e\u043d\u043e\u043c \u27a4 2000+ \u043e\u0431'\u0454\u043a\u0442\u0456\u0432\u2713 \u0412\u0430\u0440\u0442\u0456\u0441\u0442\u044c \u0432\u0456\u0434 50 000 \u0435\u0432\u0440\u043e. \u041a\u0432\u0430\u0440\u0442\u0438\u0440\u0438, \u0432\u0456\u043b\u043b\u0438, \u0431\u0443\u0434\u0438\u043d\u043a\u0438 \u0432 \u0406\u0441\u043f\u0430\u043d\u0456\u0457, \u0422\u0443\u0440\u0435\u0447\u0447\u0438\u043d\u0456, \u041e\u0410\u0415...[:pl]Sprzeda\u017c nieruchomo\u015bci za granic\u0105 \u27a4 2000+ obiekt\u00f3w \u2713 Koszt od 50 000 euro. Apartamenty, wille, domy w Hiszpanii, Turcji, Zjednoczonych Emiratach Arabskich...","schema":{"@context":"https:\/\/schema.org","@graph":[{"@type":"WebPage","@id":"https:\/\/deniz-estate.com\/","url":"https:\/\/deniz-estate.com\/","name":"[:ru]\u0410\u0433\u0435\u043d\u0442\u0441\u0442\u0432\u043e \u043f\u043e \u043f\u0440\u043e\u0434\u0430\u0436\u0435 \u043d\u0435\u0434\u0432\u0438\u0436\u0438\u043c\u043e\u0441\u0442\u0438 \u0437\u0430 \u0440\u0443\u0431\u0435\u0436\u043e\u043c | Deniz Estate[:ua]\u0410\u0433\u0435\u043d\u0446\u0456\u044f \u0437 \u043f\u0440\u043e\u0434\u0430\u0436\u0443 \u043d\u0435\u0440\u0443\u0445\u043e\u043c\u043e\u0441\u0442\u0456 \u0437\u0430 \u043a\u043e\u0440\u0434\u043e\u043d\u043e\u043c | Deniz Estate[:pl]Zagraniczna agencja nieruchomo\u015bci | Deniz Estate","isPartOf":{"@id":"https:\/\/deniz-estate.com\/ua\/#website"},"datePublished":"2023-07-19T11:29:58+00:00","dateModified":"2026-04-16T14:14:25+00:00","description":"[:ru]\u041f\u0440\u043e\u0434\u0430\u0436\u0430 \u043d\u0435\u0434\u0432\u0438\u0436\u0438\u043c\u043e\u0441\u0442\u0438 \u0437\u0430 \u0433\u0440\u0430\u043d\u0438\u0446\u0435\u0439 \u27a4 2000+ \u043e\u0431\u044a\u0435\u043a\u0442\u043e\u0432 \u2713 \u0421\u0442\u043e\u0438\u043c\u043e\u0441\u0442\u044c \u043e\u0442 50 000 \u0435\u0432\u0440\u043e. \u041a\u0432\u0430\u0440\u0442\u0438\u0440\u044b, \u0432\u0438\u043b\u043b\u044b, \u0434\u043e\u043c\u0430 \u0432 \u0418\u0441\u043f\u0430\u043d\u0438\u0438, \u0422\u0443\u0440\u0446\u0438\u0438, \u041e\u0410\u0415...[:ua]\u041f\u0440\u043e\u0434\u0430\u0436 \u043d\u0435\u0440\u0443\u0445\u043e\u043c\u043e\u0441\u0442\u0456 \u0437\u0430 \u043a\u043e\u0440\u0434\u043e\u043d\u043e\u043c \u27a4 2000+ \u043e\u0431'\u0454\u043a\u0442\u0456\u0432\u2713 \u0412\u0430\u0440\u0442\u0456\u0441\u0442\u044c \u0432\u0456\u0434 50 000 \u0435\u0432\u0440\u043e. \u041a\u0432\u0430\u0440\u0442\u0438\u0440\u0438, \u0432\u0456\u043b\u043b\u0438, \u0431\u0443\u0434\u0438\u043d\u043a\u0438 \u0432 \u0406\u0441\u043f\u0430\u043d\u0456\u0457, \u0422\u0443\u0440\u0435\u0447\u0447\u0438\u043d\u0456, \u041e\u0410\u0415...[:pl]Sprzeda\u017c nieruchomo\u015bci za granic\u0105 \u27a4 2000+ obiekt\u00f3w \u2713 Koszt od 50 000 euro. Apartamenty, wille, domy w Hiszpanii, Turcji, Zjednoczonych Emiratach Arabskich...","breadcrumb":{"@id":"https:\/\/deniz-estate.com\/#breadcrumb"},"inLanguage":"en-US","potentialAction":[{"@type":"ReadAction","target":["https:\/\/deniz-estate.com\/"]}]},{"@type":"BreadcrumbList","@id":"https:\/\/deniz-estate.com\/#breadcrumb","itemListElement":[{"@type":"ListItem","position":1,"name":"\u0413\u043b\u0430\u0432\u043d\u0430\u044f \u0441\u0442\u0440\u0430\u043d\u0438\u0446\u0430","item":"https:\/\/deniz-estate.com\/"},{"@type":"ListItem","position":2,"name":"\u0413\u043e\u043b\u043e\u0432\u043d\u0430"}]},{"@type":"WebSite","@id":"https:\/\/deniz-estate.com\/ua\/#website","url":"https:\/\/deniz-estate.com\/ua\/","name":"Deniz Estate","description":"","publisher":{"@id":"https:\/\/deniz-estate.com\/ua\/#organization"},"potentialAction":[{"@type":"SearchAction","target":{"@type":"EntryPoint","urlTemplate":"https:\/\/deniz-estate.com\/ua\/?s={search_term_string}"},"query-input":{"@type":"PropertyValueSpecification","valueRequired":true,"valueName":"search_term_string"}}],"inLanguage":"en-US"},{"@type":"Organization","@id":"https:\/\/deniz-estate.com\/ua\/#organization","name":"Deniz Estate","alternateName":"Deniz Estate","url":"https:\/\/deniz-estate.com\/ua\/","logo":{"@type":"ImageObject","inLanguage":"en-US","@id":"https:\/\/deniz-estate.com\/ua\/#\/schema\/logo\/image\/","url":"https:\/\/deniz-estate.com\/wp-content\/uploads\/2024\/02\/deniz-og-main-logo.png","contentUrl":"https:\/\/deniz-estate.com\/wp-content\/uploads\/2024\/02\/deniz-og-main-logo.png","width":696,"height":696,"caption":"Deniz Estate"},"image":{"@id":"https:\/\/deniz-estate.com\/ua\/#\/schema\/logo\/image\/"},"sameAs":["https:\/\/www.facebook.com\/page.deniz.estate","https:\/\/www.instagram.com\/deniz_estate\/"]}]}},"_links":{"self":[{"href":"https:\/\/deniz-estate.com\/en\/wp-json\/wp\/v2\/pages\/794315","targetHints":{"allow":["GET"]}}],"collection":[{"href":"https:\/\/deniz-estate.com\/en\/wp-json\/wp\/v2\/pages"}],"about":[{"href":"https:\/\/deniz-estate.com\/en\/wp-json\/wp\/v2\/types\/page"}],"author":[{"embeddable":true,"href":"https:\/\/deniz-estate.com\/en\/wp-json\/wp\/v2\/users\/1"}],"replies":[{"embeddable":true,"href":"https:\/\/deniz-estate.com\/en\/wp-json\/wp\/v2\/comments?post=794315"}],"version-history":[{"count":4,"href":"https:\/\/deniz-estate.com\/en\/wp-json\/wp\/v2\/pages\/794315\/revisions"}],"predecessor-version":[{"id":1157305,"href":"https:\/\/deniz-estate.com\/en\/wp-json\/wp\/v2\/pages\/794315\/revisions\/1157305"}],"wp:attachment":[{"href":"https:\/\/deniz-estate.com\/en\/wp-json\/wp\/v2\/media?parent=794315"}],"curies":[{"name":"wp","href":"https:\/\/api.w.org\/{rel}","templated":true}]}}